{"id":34,"date":"2024-08-03T18:31:16","date_gmt":"2024-08-03T16:31:16","guid":{"rendered":"http:\/\/prosokhe.in-momentum.pro\/?page_id=34"},"modified":"2024-08-20T09:23:33","modified_gmt":"2024-08-20T07:23:33","slug":"accueil","status":"publish","type":"page","link":"https:\/\/prosokhe.in-momentum.pro\/","title":{"rendered":"Accueil"},"content":{"rendered":"\n<div class=\"wp-block-columns alignwide are-vertically-aligned-top is-layout-flex wp-container-core-columns-is-layout-9d6595d7 wp-block-columns-is-layout-flex\">\n<div class=\"wp-block-column is-vertically-aligned-top is-layout-flow wp-block-column-is-layout-flow\">\n<figure class=\"wp-block-pullquote\"><blockquote><p>Le secret du changement consiste \u00e0 concentrer son \u00e9nergie pour cr\u00e9er du nouveau, et non pas pour se battre contre l\u2019ancien.<\/p><cite>Dan Millman<\/cite><\/blockquote><\/figure>\n\n\n\n<h5 class=\"wp-block-heading\">Attitude fondamentale pour les philosophes sto\u00efciens, l&#8217;attention ou <strong>prosoch\u00e9<\/strong> (\u03c0\u03c1\u03bf\u03c3\u03ad\u03c7\u03c9) est la capacit\u00e9 de concentration par laquelle nous nous tendons de mani\u00e8re unifi\u00e9e vers un but.<\/h5>\n\n\n\n<h5 class=\"wp-block-heading\">Marque de vigilance autant que de pr\u00e9sence \u00e0 soi et \u00e0 l&#8217;autre, l&#8217;attention que nous portons individuellement et collectivement aux choses est plus que jamais essentielle dans un monde volatile, complexe et incertain. <br><\/h5>\n\n\n\n<div aria-label=\"Collage Gallery\" class=\"wp-block-coblocks-gallery-collage is-style-tiled has-caption-style-dark has-small-gutter\"><ul><li class=\"wp-block-coblocks-gallery-collage__item item-1\"><figure class=\"wp-block-coblocks-gallery-collage__figure\"><img loading=\"lazy\" decoding=\"async\" width=\"300\" height=\"180\" alt=\"Gallery Image\" class=\"wp-image-124\" data-id=\"124\" data-imglink=\"\" data-index=\"0\" src=\"https:\/\/prosokhe.in-momentum.pro\/wp-content\/uploads\/2024\/08\/job-5382501_640-300x180.jpg\" srcset=\"https:\/\/prosokhe.in-momentum.pro\/wp-content\/uploads\/2024\/08\/job-5382501_640-300x180.jpg 300w, https:\/\/prosokhe.in-momentum.pro\/wp-content\/uploads\/2024\/08\/job-5382501_640.jpg 640w\" sizes=\"auto, (max-width: 300px) 100vw, 300px\" \/><\/figure><\/li><li class=\"wp-block-coblocks-gallery-collage__item item-2\"><figure class=\"wp-block-coblocks-gallery-collage__figure\"><img loading=\"lazy\" decoding=\"async\" width=\"640\" height=\"427\" alt=\"Gallery Image\" class=\"wp-image-176\" data-id=\"176\" data-imglink=\"\" data-index=\"1\" data-link=\"https:\/\/prosokhe.in-momentum.pro\/index.php\/accueil\/startup-3267505_640-2\/\" src=\"https:\/\/prosokhe.in-momentum.pro\/wp-content\/uploads\/2024\/08\/startup-3267505_640-1.jpg\" srcset=\"https:\/\/prosokhe.in-momentum.pro\/wp-content\/uploads\/2024\/08\/startup-3267505_640-1.jpg 640w, https:\/\/prosokhe.in-momentum.pro\/wp-content\/uploads\/2024\/08\/startup-3267505_640-1-300x200.jpg 300w\" sizes=\"auto, (max-width: 640px) 100vw, 640px\" \/><\/figure><\/li><li class=\"wp-block-coblocks-gallery-collage__item item-3\"><figure class=\"wp-block-coblocks-gallery-collage__figure\"><img loading=\"lazy\" decoding=\"async\" width=\"640\" height=\"435\" alt=\"Gallery Image\" class=\"wp-image-177\" data-id=\"177\" data-imglink=\"\" data-index=\"2\" data-link=\"https:\/\/prosokhe.in-momentum.pro\/index.php\/accueil\/home-office-6048249_640\/\" src=\"https:\/\/prosokhe.in-momentum.pro\/wp-content\/uploads\/2024\/08\/home-office-6048249_640.jpg\" srcset=\"https:\/\/prosokhe.in-momentum.pro\/wp-content\/uploads\/2024\/08\/home-office-6048249_640.jpg 640w, https:\/\/prosokhe.in-momentum.pro\/wp-content\/uploads\/2024\/08\/home-office-6048249_640-300x204.jpg 300w\" sizes=\"auto, (max-width: 640px) 100vw, 640px\" \/><\/figure><\/li><li class=\"wp-block-coblocks-gallery-collage__item item-4\"><figure class=\"wp-block-coblocks-gallery-collage__figure\"><img loading=\"lazy\" decoding=\"async\" width=\"640\" height=\"427\" alt=\"Gallery Image\" class=\"wp-image-179\" data-id=\"179\" data-imglink=\"\" data-index=\"3\" data-link=\"https:\/\/prosokhe.in-momentum.pro\/index.php\/accueil\/tools-864983_640-2\/\" src=\"https:\/\/prosokhe.in-momentum.pro\/wp-content\/uploads\/2024\/08\/tools-864983_640-1.jpg\" srcset=\"https:\/\/prosokhe.in-momentum.pro\/wp-content\/uploads\/2024\/08\/tools-864983_640-1.jpg 640w, https:\/\/prosokhe.in-momentum.pro\/wp-content\/uploads\/2024\/08\/tools-864983_640-1-300x200.jpg 300w\" sizes=\"auto, (max-width: 640px) 100vw, 640px\" \/><\/figure><\/li><\/ul><\/div>\n\n\n\n<h5 class=\"wp-block-heading\">Depuis plus de dix ans, nous accompagnons individus et <a href=\"https:\/\/prosokhe.in-momentum.pro\/index.php\/talents-equipes\/\" data-type=\"page\" data-id=\"86\">\u00e9quipes <\/a>par le <a href=\"https:\/\/prosokhe.in-momentum.pro\/index.php\/coaching\/\" data-type=\"page\" data-id=\"18\">coaching<\/a> et la <a href=\"https:\/\/prosokhe.in-momentum.pro\/index.php\/formation\/\" data-type=\"page\" data-id=\"19\">formation <\/a>vers la mise en r\u00e9sonance de leur attention, sur tous les registres o\u00f9 cette r\u00e9sonance est essentielle \u00e0 leurs changement et leurs r\u00e9ussites professionnelles :<br><\/h5>\n\n\n\n<div class=\"wp-block-coblocks-features coblocks-features-71914598265\"><div class=\"wp-block-coblocks-features__inner has-tertiary-background-color has-background has-background-overlay bg-cover has-background-image bg-no-repeat has-background-overlay-90 has-columns has-4-columns has-responsive-columns has-padding has-small-padding has-margin has-small-margin has-center-content has-small-gutter\" style=\"background-image:url(http:\/\/prosokhe.in-momentum.pro\/wp-content\/uploads\/2024\/08\/business-6584073_640.png)\">\n<div class=\"wp-block-coblocks-feature coblocks-feature-71914598347\"><div class=\"wp-block-coblocks-feature__inner has-no-padding\"><div class=\"wp-block-coblocks-icon is-style-outlined\">\n\t\t\t\t<div class=\"wp-block-coblocks-icon__inner has-text-color\" style=\"height: 60px; width: 60px; color: #53a623; fill: #53a623;\">\n\t\t\t\t\t<svg fill=\"none\" viewBox=\"0 0 20 20\" xmlns=\"http:\/\/www.w3.org\/2000\/svg\"><path d=\"m15.5555556 14.4444444-4.4444445-4.4444444v-3.53333333c1.2888889-.46666667 2.2222222-1.68888889 2.2222222-3.13333334 0-1.84444444-1.4888889-3.33333333-3.3333333-3.33333333-1.84444444 0-3.33333333 1.48888889-3.33333333 3.33333333 0 1.44444445.93333333 2.66666667 2.22222222 3.13333334v3.53333333l-4.44444445 4.4444444h-4.44444444v5.5555556h5.55555556v-3.3888889l4.44444444-4.6666667 4.4444444 4.6666667v3.3888889h5.5555556v-5.5555556z\" fill=\"currentColor\" \/><\/svg>\n\t\t\t\t<\/div>\n\t\t\t<\/div>\n\n\n<h4 class=\"wp-block-heading\">Mobiliser<\/h4>\n\n\n\n<p>En favorisant l&#8217;\u00e9mergence de collaborations ouvertes, \u00e9quilibr\u00e9es et g\u00e9n\u00e9ratives<br><br><br><\/p>\n<\/div><\/div>\n\n\n\n<div class=\"wp-block-coblocks-feature coblocks-feature-71914598348\"><div class=\"wp-block-coblocks-feature__inner has-no-padding\"><div class=\"wp-block-coblocks-icon is-style-outlined\">\n\t\t\t\t<div class=\"wp-block-coblocks-icon__inner has-text-color\" style=\"height: 60px; width: 60px; color: #eda151; fill: #eda151;\">\n\t\t\t\t\t<svg fill=\"none\" viewBox=\"0 0 20 20\" xmlns=\"http:\/\/www.w3.org\/2000\/svg\"><path d=\"m5.45454545 9.09090909h-5.45454545v1.81818181h5.45454545zm1.97272728-2.94545454-1.92727273-1.92727273-1.28181818 1.28181818 1.92727273 1.92727273zm3.48181817-6.14545455h-1.81818181v5.45454545h1.81818181zm4.8727273 5.5-1.2818182-1.28181818-1.9272727 1.92727273 1.2818182 1.28181818zm-1.2363637 3.59090909v1.81818181h5.4545455v-1.81818181zm-4.5454545-1.81818182c-1.50909091 0-2.72727273 1.21818182-2.72727273 2.72727273 0 1.5090909 1.21818182 2.7272727 2.72727273 2.7272727 1.5090909 0 2.7272727-1.2181818 2.7272727-2.7272727 0-1.50909091-1.2181818-2.72727273-2.7272727-2.72727273zm2.5727273 6.58181823 1.9272727 1.9272727 1.2818182-1.2818182-1.9272727-1.9272727zm-8.35454548.6454545 1.28181818 1.2818182 1.92727273-1.9272727-1.28181818-1.2818182zm4.87272727 5.5h1.81818181v-5.4545455h-1.81818181z\" fill=\"currentColor\" \/><\/svg>\n\t\t\t\t<\/div>\n\t\t\t<\/div>\n\n\n<h4 class=\"wp-block-heading\">Projeter<\/h4>\n\n\n\n<p>En facilitant la co-construction du sens de l&#8217;action et de la vision partag\u00e9e <br><br><br><\/p>\n<\/div><\/div>\n\n\n\n<div class=\"wp-block-coblocks-feature coblocks-feature-719145913857\"><div class=\"wp-block-coblocks-feature__inner has-no-padding\"><div class=\"wp-block-coblocks-icon\">\n\t\t\t\t<div class=\"wp-block-coblocks-icon__inner has-text-color\" style=\"height: 60px; width: 60px; color: #821a72; fill: #821a72;\">\n\t\t\t\t\t<svg fill=\"none\" viewBox=\"0 0 24 24\" xmlns=\"http:\/\/www.w3.org\/2000\/svg\"><rect height=\"16.5\" rx=\"1.53571\" stroke=\"currentColor\" stroke-width=\"1.5\" width=\"16.5\" x=\"3.75\" y=\"3.75\" fill=\"none\"\/><g fill=\"currentColor\"><path d=\"m12 11.5 8 8.5h-8z\"\/><path d=\"m4 4h8v7.5l-7.99993 8.5z\"\/><\/g><\/svg>\n\n\t\t\t\t<\/div>\n\t\t\t<\/div>\n\n\n<h4 class=\"wp-block-heading\">Impliquer<\/h4>\n\n\n\n<p>En entretenant un lien pragmatique et lucide sans cesse renouvel\u00e9 entre intention de l&#8217;action et son impact sur le r\u00e9el<\/p>\n<\/div><\/div>\n\n\n\n<div class=\"wp-block-coblocks-feature coblocks-feature-719145915823\"><div class=\"wp-block-coblocks-feature__inner has-no-padding\"><div class=\"wp-block-coblocks-icon\">\n\t\t\t\t<div class=\"wp-block-coblocks-icon__inner has-text-color\" style=\"height: 60px; width: 60px; color: #2a76a4; fill: #2a76a4;\">\n\t\t\t\t\t<svg fill=\"none\" viewBox=\"0 0 20 20\" xmlns=\"http:\/\/www.w3.org\/2000\/svg\"><path d=\"m8.91322329.78180339s.69401426 2.48532134.69401426 4.50171413c0 1.93198565-1.2661071 3.49820703-3.19809275 3.49820703-1.94136422 0-3.40442131-1.56622138-3.40442131-3.49820703l.02813571-.33762856c-1.89447137 2.25085707-3.02927847 5.16759264-3.02927847 8.33754974 0 4.1453284 3.35752846 7.5028569 7.50285689 7.5028569 4.14532848 0 7.50285688-3.3575285 7.50285688-7.5028569 0-5.05504985-2.4290499-9.56614256-6.09607121-12.50163531zm-1.67876423 17.19092081c-1.66938566 0-3.0198999-1.3129999-3.0198999-2.9448713 0-1.5193285.98474997-2.5884856 2.63537848-2.9261142 1.66000709-.3376285 3.37628556-1.1348071 4.33289986-2.41967133.3657643 1.20983563.5533357 2.48532133.5533357 3.78894273 0 2.4853213-2.0163928 4.5017141-4.50171414 4.5017141z\" transform=\"translate(2.553223 -.786621)\" fill=\"currentColor\" \/><\/svg>\n\t\t\t\t<\/div>\n\t\t\t<\/div>\n\n\n<h4 class=\"wp-block-heading\">Engager<\/h4>\n\n\n\n<p>En aidant \u00e0 la pr\u00e9servation de relations humaines confiantes,  loyales et durables dans l&#8217;entreprise<br><br><\/p>\n<\/div><\/div>\n<\/div><\/div>\n<\/div>\n<\/div>\n\n\n\n<div class=\"wp-block-columns alignwide has-quaternary-background-color has-background is-layout-flex wp-container-core-columns-is-layout-9d6595d7 wp-block-columns-is-layout-flex\">\n<div class=\"wp-block-column is-layout-flow wp-block-column-is-layout-flow\">\n<h4 class=\"wp-block-heading\">Quelques r\u00e9f\u00e9rences<\/h4>\n\n\n\n<div aria-label=\"List of logos\" class=\"wp-block-coblocks-logos is-style-default\"><div class=\"wp-block-coblocks-logos__row\"><div style=\"width:33.333333333333336%\"><img decoding=\"async\" alt=\"\" data-id=\"128\" data-width=\"33.333333333333336%\" src=\"http:\/\/prosokhe.in-momentum.pro\/wp-content\/uploads\/2024\/08\/logo-cardif.png\"\/><\/div><div style=\"width:33.333333333333336%\"><img decoding=\"async\" alt=\"\" data-id=\"129\" data-width=\"33.333333333333336%\" src=\"http:\/\/prosokhe.in-momentum.pro\/wp-content\/uploads\/2024\/08\/logo-FT-1024x503.jpg\"\/><\/div><div style=\"width:33.333333333333336%\"><img decoding=\"async\" alt=\"\" data-id=\"131\" data-width=\"33.333333333333336%\" src=\"http:\/\/prosokhe.in-momentum.pro\/wp-content\/uploads\/2024\/08\/Alstom_mobility_by_nature_2019.jpg\"\/><\/div><\/div><div class=\"wp-block-coblocks-logos__row\"><div style=\"width:33.333333333333336%\"><img decoding=\"async\" alt=\"\" data-id=\"133\" data-width=\"33.333333333333336%\" src=\"http:\/\/prosokhe.in-momentum.pro\/wp-content\/uploads\/2024\/08\/logo-hsbc.png\"\/><\/div><div style=\"width:33.333333333333336%\"><img decoding=\"async\" alt=\"\" data-id=\"134\" data-width=\"33.333333333333336%\" src=\"http:\/\/prosokhe.in-momentum.pro\/wp-content\/uploads\/2024\/08\/logo-iter.png\"\/><\/div><div style=\"width:33.333333333333336%\"><img decoding=\"async\" alt=\"\" data-id=\"135\" data-width=\"33.333333333333336%\" src=\"http:\/\/prosokhe.in-momentum.pro\/wp-content\/uploads\/2024\/08\/Logo-safran-1024x219.png\"\/><\/div><\/div><div class=\"wp-block-coblocks-logos__row\"><div style=\"width:33.333333333333336%\"><img decoding=\"async\" alt=\"\" data-id=\"136\" data-width=\"33.333333333333336%\" src=\"http:\/\/prosokhe.in-momentum.pro\/wp-content\/uploads\/2024\/08\/logo-servier.png\"\/><\/div><div style=\"width:33.333333333333336%\"><img decoding=\"async\" alt=\"\" data-id=\"137\" data-width=\"33.333333333333336%\" src=\"http:\/\/prosokhe.in-momentum.pro\/wp-content\/uploads\/2024\/08\/logo-cegos-1024x455.jpg\"\/><\/div><div style=\"width:33.333333333333336%\"><img decoding=\"async\" alt=\"\" data-id=\"140\" data-width=\"33.333333333333336%\" src=\"http:\/\/prosokhe.in-momentum.pro\/wp-content\/uploads\/2024\/08\/logo-sncf-1.jpg\"\/><\/div><\/div><\/div>\n<\/div>\n<\/div>\n","protected":false},"excerpt":{"rendered":"<p>Le secret du changement consiste \u00e0 concentrer son \u00e9nergie pour cr\u00e9er du nouveau, et non pas pour se battre contre l\u2019ancien. Dan Millman Attitude fondamentale pour les philosophes sto\u00efciens, l&#8217;attention ou prosoch\u00e9 (\u03c0\u03c1\u03bf\u03c3\u03ad\u03c7\u03c9) est la capacit\u00e9 de concentration par laquelle nous nous tendons de mani\u00e8re unifi\u00e9e vers un but. Marque de vigilance autant que de [&hellip;]<\/p>\n","protected":false},"author":1,"featured_media":0,"parent":0,"menu_order":0,"comment_status":"closed","ping_status":"closed","template":"","meta":{"hide_page_title":"","_coblocks_attr":"","_coblocks_dimensions":"","_coblocks_responsive_height":"","_coblocks_accordion_ie_support":"","footnotes":""},"class_list":["post-34","page","type-page","status-publish","hentry"],"_links":{"self":[{"href":"https:\/\/prosokhe.in-momentum.pro\/index.php\/wp-json\/wp\/v2\/pages\/34","targetHints":{"allow":["GET"]}}],"collection":[{"href":"https:\/\/prosokhe.in-momentum.pro\/index.php\/wp-json\/wp\/v2\/pages"}],"about":[{"href":"https:\/\/prosokhe.in-momentum.pro\/index.php\/wp-json\/wp\/v2\/types\/page"}],"author":[{"embeddable":true,"href":"https:\/\/prosokhe.in-momentum.pro\/index.php\/wp-json\/wp\/v2\/users\/1"}],"replies":[{"embeddable":true,"href":"https:\/\/prosokhe.in-momentum.pro\/index.php\/wp-json\/wp\/v2\/comments?post=34"}],"version-history":[{"count":31,"href":"https:\/\/prosokhe.in-momentum.pro\/index.php\/wp-json\/wp\/v2\/pages\/34\/revisions"}],"predecessor-version":[{"id":213,"href":"https:\/\/prosokhe.in-momentum.pro\/index.php\/wp-json\/wp\/v2\/pages\/34\/revisions\/213"}],"wp:attachment":[{"href":"https:\/\/prosokhe.in-momentum.pro\/index.php\/wp-json\/wp\/v2\/media?parent=34"}],"curies":[{"name":"wp","href":"https:\/\/api.w.org\/{rel}","templated":true}]}}