{"id":54,"date":"2024-08-09T21:59:30","date_gmt":"2024-08-09T19:59:30","guid":{"rendered":"http:\/\/prosokhe.in-momentum.pro\/?page_id=54"},"modified":"2024-08-19T19:42:03","modified_gmt":"2024-08-19T17:42:03","slug":"partenaires","status":"publish","type":"page","link":"https:\/\/prosokhe.in-momentum.pro\/index.php\/partenaires\/","title":{"rendered":"Mes partenaires"},"content":{"rendered":"\n<div class=\"wp-block-columns alignfull are-vertically-aligned-top is-layout-flex wp-container-core-columns-is-layout-9d6595d7 wp-block-columns-is-layout-flex\">\n<div class=\"wp-block-column is-vertically-aligned-top is-layout-flow wp-block-column-is-layout-flow\">\n<div class=\"wp-block-columns is-layout-flex wp-container-core-columns-is-layout-61ecc280 wp-block-columns-is-layout-flex\" style=\"padding-top:2.5rem;padding-right:2.5rem;padding-bottom:2.5rem;padding-left:2.5rem\">\n<div class=\"wp-block-column is-layout-flow wp-block-column-is-layout-flow\" style=\"flex-basis:25%\">\n<figure class=\"wp-block-image size-large is-style-rounded\"><img decoding=\"async\" src=\"https:\/\/dieresys.fr\/wp-content\/uploads\/2022\/08\/N-Helias.jpg\" alt=\"\"\/><\/figure>\n<\/div>\n\n\n\n<div class=\"wp-block-column is-layout-flow wp-block-column-is-layout-flow\" style=\"flex-basis:75%\">\n<h2 class=\"wp-block-heading\">Na\u00efk H\u00e9lias<\/h2>\n\n\n\n<p>Na\u00efk est depuis plus de 20 ans coach de dirigeants et de profils atypiques.<\/p>\n\n\n\n<p>Sp\u00e9cialis\u00e9es dans les Hauts potentiels intellectuels, elle aime jouer avec les freins intrins\u00e8ques de ces profils ou d\u00e9nouer les obstacles extrins\u00e8ques.<\/p>\n\n\n\n<p>Elle voue une attirance particuli\u00e8re \u00e0 accompagner les start-upper et les les serial entrepreneurs. Et quand les \u00e9quipes ont des projets ambitieux, elle aime y \u00eatre associ\u00e9e.<\/p>\n\n\n\n<div class=\"wp-block-buttons is-layout-flex wp-block-buttons-is-layout-flex\">\n<div class=\"wp-block-button\"><a class=\"wp-block-button__link wp-element-button\">https:\/\/dieresys.fr\/<\/a><\/div>\n<\/div>\n<\/div>\n<\/div>\n<\/div>\n\n\n\n<div class=\"wp-block-column is-vertically-aligned-top is-layout-flow wp-block-column-is-layout-flow\">\n<div class=\"wp-block-columns is-layout-flex wp-container-core-columns-is-layout-61ecc280 wp-block-columns-is-layout-flex\" style=\"padding-top:2.5rem;padding-right:2.5rem;padding-bottom:2.5rem;padding-left:2.5rem\">\n<div class=\"wp-block-column is-layout-flow wp-block-column-is-layout-flow\" style=\"flex-basis:25%\">\n<figure class=\"wp-block-image size-large is-style-rounded\"><img decoding=\"async\" src=\"https:\/\/sylvainduriezconseil.fr\/wp-content\/uploads\/2023\/08\/Sylvain-photo-id-eclaircie-2-1.jpg\" alt=\"\"\/><\/figure>\n<\/div>\n\n\n\n<div class=\"wp-block-column is-layout-flow wp-block-column-is-layout-flow\" style=\"flex-basis:75%\">\n<h2 class=\"wp-block-heading\">Sylvain Duriez<\/h2>\n\n\n\n<p>Psychosociologue, coach et m\u00e9diateur, Sylvain  a pu constater les effets destructeurs des conflits et des tensions sur la sant\u00e9 des personnes et sur l\u2019efficacit\u00e9 des collectifs de travail. IL travaille sur l\u2019apaisement des tensions et sur la r\u00e9silience des \u00e9quipes.<\/p>\n\n\n\n<p>Avec l\u2019exp\u00e9rience, il a acquis une vision globale lui permettant d\u2019accompagner les structures (\u00e9quipes et direction) sur des probl\u00e9matiques relationnelles&nbsp;complexes et sensible.<\/p>\n\n\n\n<div class=\"wp-block-buttons is-layout-flex wp-block-buttons-is-layout-flex\">\n<div class=\"wp-block-button\"><a class=\"wp-block-button__link wp-element-button\">https:\/\/sylvainduriezconseil.fr\/<\/a><\/div>\n<\/div>\n<\/div>\n<\/div>\n<\/div>\n\n\n\n<div class=\"wp-block-column is-vertically-aligned-top is-layout-flow wp-block-column-is-layout-flow\">\n<div class=\"wp-block-columns is-layout-flex wp-container-core-columns-is-layout-61ecc280 wp-block-columns-is-layout-flex\" style=\"padding-top:2.5rem;padding-right:2.5rem;padding-bottom:2.5rem;padding-left:2.5rem\">\n<div class=\"wp-block-column is-layout-flow wp-block-column-is-layout-flow\" style=\"flex-basis:25%\">\n<figure class=\"wp-block-image size-full is-style-rounded\"><img loading=\"lazy\" decoding=\"async\" width=\"200\" height=\"200\" src=\"https:\/\/prosokhe.in-momentum.pro\/wp-content\/uploads\/2024\/08\/magali_duriez.png\" alt=\"\" class=\"wp-image-209\" srcset=\"https:\/\/prosokhe.in-momentum.pro\/wp-content\/uploads\/2024\/08\/magali_duriez.png 200w, https:\/\/prosokhe.in-momentum.pro\/wp-content\/uploads\/2024\/08\/magali_duriez-150x150.png 150w\" sizes=\"auto, (max-width: 200px) 100vw, 200px\" \/><\/figure>\n<\/div>\n\n\n\n<div class=\"wp-block-column is-layout-flow wp-block-column-is-layout-flow\" style=\"flex-basis:75%\">\n<h2 class=\"wp-block-heading\">Magali Duriez<\/h2>\n\n\n\n<p>Magali  a connu deux vies professionnelles : presque 20 ans dans diff\u00e9rentes fonctions \u00e0 la SNCF et depuis quelques ann\u00e9es, une reconversion vers l&#8217;enseignement du yoga pour donner \u00e0 chacun la capacit\u00e9 de faire l\u2019impensable !<\/p>\n\n\n\n<p>C\u2019est pour cette raison qu&#8217;elle propose du Yoga adapt\u00e9 : adapt\u00e9 \u00e0 toutes celles et tous ceux qui se pensent \u00ab\u00a0trop ci\u00a0\u00bb ou \u00ab\u00a0pas assez \u00e7a\u00a0\u00bb pour faire du Yoga. Or le yoga peut se pratiquer par tout le monde\u2026 il suffit d\u2019avoir quelqu\u2019un pour accompagner et pour se lancer !<\/p>\n\n\n\n<p>Car le Yoga, ce n\u2019est surtout pas les postures compliqu\u00e9es et qui n\u00e9cessitent une extr\u00eame souplesse de danseuse classique ! Oui, le Yoga, c\u2019est aussi pour les personnes qui ne sont \u00ab&nbsp;pas souples&nbsp;\u00bb, qui ont des douleurs, qui ont l\u2019impression d\u2019\u00eatre \u00ab&nbsp;tordues&nbsp;\u00bb, qui n\u2019ont pas fait de sport depuis des ann\u00e9es, qui n\u2019osent pas aller dans un cours collectif\u2026..<\/p>\n\n\n\n<div class=\"wp-block-buttons is-layout-flex wp-block-buttons-is-layout-flex\">\n<div class=\"wp-block-button\"><a class=\"wp-block-button__link wp-element-button\" href=\"https:\/\/yoga-adapte.fr\/\">https:\/\/yoga-adapte.fr\/<\/a><\/div>\n<\/div>\n<\/div>\n<\/div>\n<\/div>\n<\/div>\n","protected":false},"excerpt":{"rendered":"<p>Na\u00efk H\u00e9lias Na\u00efk est depuis plus de 20 ans coach de dirigeants et de profils atypiques. Sp\u00e9cialis\u00e9es dans les Hauts potentiels intellectuels, elle aime jouer avec les freins intrins\u00e8ques de ces profils ou d\u00e9nouer les obstacles extrins\u00e8ques. Elle voue une attirance particuli\u00e8re \u00e0 accompagner les start-upper et les les serial entrepreneurs. Et quand les \u00e9quipes [&hellip;]<\/p>\n","protected":false},"author":1,"featured_media":0,"parent":0,"menu_order":0,"comment_status":"closed","ping_status":"closed","template":"","meta":{"hide_page_title":"","_coblocks_attr":"","_coblocks_dimensions":"","_coblocks_responsive_height":"","_coblocks_accordion_ie_support":"","footnotes":""},"class_list":["post-54","page","type-page","status-publish","hentry"],"_links":{"self":[{"href":"https:\/\/prosokhe.in-momentum.pro\/index.php\/wp-json\/wp\/v2\/pages\/54","targetHints":{"allow":["GET"]}}],"collection":[{"href":"https:\/\/prosokhe.in-momentum.pro\/index.php\/wp-json\/wp\/v2\/pages"}],"about":[{"href":"https:\/\/prosokhe.in-momentum.pro\/index.php\/wp-json\/wp\/v2\/types\/page"}],"author":[{"embeddable":true,"href":"https:\/\/prosokhe.in-momentum.pro\/index.php\/wp-json\/wp\/v2\/users\/1"}],"replies":[{"embeddable":true,"href":"https:\/\/prosokhe.in-momentum.pro\/index.php\/wp-json\/wp\/v2\/comments?post=54"}],"version-history":[{"count":8,"href":"https:\/\/prosokhe.in-momentum.pro\/index.php\/wp-json\/wp\/v2\/pages\/54\/revisions"}],"predecessor-version":[{"id":210,"href":"https:\/\/prosokhe.in-momentum.pro\/index.php\/wp-json\/wp\/v2\/pages\/54\/revisions\/210"}],"wp:attachment":[{"href":"https:\/\/prosokhe.in-momentum.pro\/index.php\/wp-json\/wp\/v2\/media?parent=54"}],"curies":[{"name":"wp","href":"https:\/\/api.w.org\/{rel}","templated":true}]}}