{"id":86,"date":"2024-08-10T18:22:21","date_gmt":"2024-08-10T16:22:21","guid":{"rendered":"http:\/\/prosokhe.in-momentum.pro\/?page_id=86"},"modified":"2024-08-20T11:41:16","modified_gmt":"2024-08-20T09:41:16","slug":"talents-equipes","status":"publish","type":"page","link":"https:\/\/prosokhe.in-momentum.pro\/index.php\/talents-equipes\/","title":{"rendered":"Soutenir les dynamiques collectives : Quand 1+1 font 3 ou plus&#8230;"},"content":{"rendered":"\n<div class=\"wp-block-columns alignwide is-layout-flex wp-container-core-columns-is-layout-9d6595d7 wp-block-columns-is-layout-flex\">\n<div class=\"wp-block-column is-layout-flow wp-block-column-is-layout-flow\">\n<div class=\"wp-block-coblocks-features coblocks-features-720113327538\"><div class=\"wp-block-coblocks-features__inner has-columns has-4-columns has-responsive-columns has-center-content has-small-gutter\">\n<div class=\"wp-block-coblocks-feature coblocks-feature-720113327660\"><div class=\"wp-block-coblocks-feature__inner has-no-padding\"><div class=\"wp-block-coblocks-icon\">\n\t\t\t\t<div class=\"wp-block-coblocks-icon__inner\" style=\"height: 60px; width: 60px;\">\n\t\t\t\t\t<svg fill=\"none\" viewBox=\"0 0 20 20\" xmlns=\"http:\/\/www.w3.org\/2000\/svg\"><path d=\"m11.8181818 4.54545455-3.83636362 5.11818181 1.13636364 1.51818184 2.69999998-3.60909093 4.5454546 6.06363633h-7.69090913l-3.64545454-4.88181815-5.02727273 6.70000005h20zm-8.18181816 9.09090905 1.38181818-1.8454545 1.38181818 1.8454545z\" fill=\"currentColor\" \/><\/svg>\n\t\t\t\t<\/div>\n\t\t\t<\/div>\n\n\n<h4 class=\"wp-block-heading\">Passer un cap difficile<\/h4>\n\n\n\n<p>This is a feature block that you can use to highlight features.<\/p>\n<\/div><\/div>\n\n\n\n<div class=\"wp-block-coblocks-feature coblocks-feature-720113327661\"><div class=\"wp-block-coblocks-feature__inner has-no-padding\"><div class=\"wp-block-coblocks-icon\">\n\t\t\t\t<div class=\"wp-block-coblocks-icon__inner\" style=\"height: 60px; width: 60px;\">\n\t\t\t\t\t<svg fill=\"none\" xmlns=\"http:\/\/www.w3.org\/2000\/svg\" viewBox=\"0 0 24 24\"><path d=\"M17 20.41L18.41 19 15 15.59 13.59 17 17 20.41zM7.5 8H11v5.59L5.59 19 7 20.41l6-6V8h3.5L12 3.5 7.5 8z\" fill=\"currentColor\" \/><\/svg>\n\t\t\t\t<\/div>\n\t\t\t<\/div>\n\n\n<h4 class=\"wp-block-heading\">Se mobiliser pour changer ensemble<\/h4>\n\n\n\n<p>This is a feature block that you can use to highlight features.<\/p>\n<\/div><\/div>\n\n\n\n<div class=\"wp-block-coblocks-feature coblocks-feature-720113330921\"><div class=\"wp-block-coblocks-feature__inner has-no-padding\"><div class=\"wp-block-coblocks-icon\">\n\t\t\t\t<div class=\"wp-block-coblocks-icon__inner\" style=\"height: 60px; width: 60px;\">\n\t\t\t\t\t<svg fill=\"none\" xmlns=\"http:\/\/www.w3.org\/2000\/svg\" viewBox=\"0 0 24 24\"><path d=\"M18.6 6.62c-1.44 0-2.8.56-3.77 1.53L12 10.66 10.48 12h.01L7.8 14.39c-.64.64-1.49.99-2.4.99-1.87 0-3.39-1.51-3.39-3.38S3.53 8.62 5.4 8.62c.91 0 1.76.35 2.44 1.03l1.13 1 1.51-1.34L9.22 8.2C8.2 7.18 6.84 6.62 5.4 6.62 2.42 6.62 0 9.04 0 12s2.42 5.38 5.4 5.38c1.44 0 2.8-.56 3.77-1.53l2.83-2.5.01.01L13.52 12h-.01l2.69-2.39c.64-.64 1.49-.99 2.4-.99 1.87 0 3.39 1.51 3.39 3.38s-1.52 3.38-3.39 3.38c-.9 0-1.76-.35-2.44-1.03l-1.14-1.01-1.51 1.34 1.27 1.12c1.02 1.01 2.37 1.57 3.82 1.57 2.98 0 5.4-2.41 5.4-5.38s-2.42-5.37-5.4-5.37z\" fill=\"currentColor\" \/><\/svg>\n\t\t\t\t<\/div>\n\t\t\t<\/div>\n\n\n<h4 class=\"wp-block-heading\">Apprendre \u00e0 apprendre dans la collaboration<\/h4>\n\n\n\n<p>This is a feature block that you can use to highlight features.<\/p>\n<\/div><\/div>\n\n\n\n<div class=\"wp-block-coblocks-feature coblocks-feature-72011333113\"><div class=\"wp-block-coblocks-feature__inner has-no-padding\"><div class=\"wp-block-coblocks-icon\">\n\t\t\t\t<div class=\"wp-block-coblocks-icon__inner\" style=\"height: 60px; width: 60px;\">\n\t\t\t\t\t<svg fill=\"none\" viewBox=\"0 0 20 20\" xmlns=\"http:\/\/www.w3.org\/2000\/svg\"><path d=\"m14.9874888 10.357462c-.2502234-.1429848-.5093833-.2591599-.7685433-.357462.25916-.09830206.5183199-.21447721.7685433-.35746202 1.7158177-.9919571 2.6720286-2.78820375 2.6809652-4.6380697-.8132261-.46470063-1.7426274-.71492404-2.6899017-.71492404-.9115282 0-1.8319929.23235031-2.6720286.71492404-.2502234.1429848-.4825737.31277926-.697051.48257372.0446828-.27703306.0714924-.56300268.0714924-.84897229 0-1.98391421-1.0813226-3.70866846-2.6809651-4.63806971-1.59964254.92940125-2.68096515 2.6541555-2.68096515 4.63806971 0 .28596961.02680965.57193923.07149241.84897229-.21447722-.17873101-.44682753-.34852547-.69705094-.49151028-.84003575-.48257372-1.76050045-.71492403-2.6720286-.71492403-.9383378 0-1.8766756.25022341-2.6899017.71492403 0 1.84986596.95621091 3.64611261 2.68096515 4.63806971.25022341.14298481.50938338.25915996.76854334.35746202-.25915996.09830205-.51831993.21447725-.76854334.35746205-1.71581769.9919571-2.6720286 2.7882037-2.68096515 4.6380697.8132261.4647006 1.74262735.714924 2.6899017.714924.91152815 0 1.83199285-.2323503 2.6720286-.714924.25022341-.1429848.48257372-.3127793.69705094-.4825738-.04468276.2859697-.07149241.5719393-.07149241.8579089 0 1.9839142 1.08132261 3.7086684 2.68096515 4.6380697 1.5996425-.9294013 2.6809651-2.6541555 2.6809651-4.6380697 0-.2859696-.0268096-.5719392-.0714924-.8489723.2144773.178731.4468276.3395889.697051.4825737.8400357.4825738 1.7605004.7149241 2.6720286.7149241.9383378 0 1.8766756-.2502234 2.6899017-.7149241-.0089366-1.8498659-.9651475-3.6461126-2.6809652-4.6380697zm-2.2698838-3.46738157c.1876676-.15192136.3395889-.25915997.4825737-.33065237.5451296-.31277927 1.1617516-.48257373 1.7873101-.48257373.2412869 0 .4736372.02680966.7059875.07149241-.277033.81322609-.8400357 1.51027703-1.590706 1.94816801-.1519213.0893655-.3217158.1608579-.5183199.24128686l-1.233244.46470062c-.1519213-.41108132-.3663985-.77747989-.6434316-1.10813226zm-3.717605-4.6023235c.56300268.64343163.89365505 1.48346738.89365505 2.35031278 0 .16979445-.0178731.36639857-.04468275.56300268l-.20554066 1.28686327c-.21447722-.03574621-.42895443-.06255586-.64343164-.06255586s-.42895442.02680965-.63449508.06255586l-.20554067-1.28686327c-.0357462-.19660411-.0536193-.39320823-.0536193-.56300268 0-.87578195.33065237-1.70688115.89365505-2.35031278zm-6.69347632 3.85165326c.23235031-.05361931.47363718-.07149241.71492404-.07149241.61662199 0 1.23324397.16085791 1.77837355.48257373.13404826.08042895.28596961.17873101.43789097.31277927l1.02770331.85790884c-.26809652.32171582-.47363718.67917784-.62555853 1.07238606l-1.23324397-.46470062c-.18766756-.08042896-.35746202-.16085791-.50044683-.24128687-.77747989-.44682752-1.33154602-1.13494191-1.59964254-1.948168zm2.97587132 6.96157281c-.18766756.1519214-.33958892.25916-.48257373.3306524-.54512958.3127793-1.16175156.4825737-1.7873101.4825737-.24128686 0-.47363718-.0268096-.70598749-.0714924.27703307-.8132261.84003575-1.510277 1.59070599-1.948168.15192136-.0893655.32171582-.1608579.51831993-.2412869l1.23324397-.4647006c.1429848.4110813.36639857.7864165.64343163 1.1081323zm3.717605 4.6112601c-.56300268-.6434317-.89365505-1.4834674-.89365505-2.3503128 0-.178731.0178731-.3663986.0536193-.5808758l.19660411-1.2689902c.20554067.0357462.42001788.0625559.64343164.0625559.21447721 0 .42895442-.0268097.63449508-.0625559l.20554067 1.2868633c.0357462.1966041.0536193.3932082.0536193.5630027 0 .8757819-.33065237 1.7068811-.89365505 2.3503128zm5.9785523-3.7890974c-.616622 0-1.233244-.1608579-1.7783736-.4825738-.1608579-.0893655-.3038427-.1966041-.4378909-.3038427l-1.0277033-.8579088c.2680965-.3217158.4825737-.6791779.6255585-1.0813226l1.233244.4647006c.1966041.0714924.3663985.1519213.5093833.2323503.7596068.437891 1.313673 1.1349419 1.590706 1.948168-.2412868.0625559-.4825737.080429-.714924.080429z\" transform=\"translate(1)\" fill=\"currentColor\" \/><\/svg>\n\t\t\t\t<\/div>\n\t\t\t<\/div>\n\n\n<h4 class=\"wp-block-heading\">Honorer et c\u00e9l\u00e9brer sa diversit\u00e9<\/h4>\n\n\n\n<p>This is a feature block that you can use to highlight features.<\/p>\n<\/div><\/div>\n<\/div><\/div>\n<\/div>\n<\/div>\n","protected":false},"excerpt":{"rendered":"","protected":false},"author":1,"featured_media":0,"parent":0,"menu_order":0,"comment_status":"closed","ping_status":"closed","template":"","meta":{"hide_page_title":"","_coblocks_attr":"","_coblocks_dimensions":"","_coblocks_responsive_height":"","_coblocks_accordion_ie_support":"","footnotes":""},"class_list":["post-86","page","type-page","status-publish","hentry"],"_links":{"self":[{"href":"https:\/\/prosokhe.in-momentum.pro\/index.php\/wp-json\/wp\/v2\/pages\/86","targetHints":{"allow":["GET"]}}],"collection":[{"href":"https:\/\/prosokhe.in-momentum.pro\/index.php\/wp-json\/wp\/v2\/pages"}],"about":[{"href":"https:\/\/prosokhe.in-momentum.pro\/index.php\/wp-json\/wp\/v2\/types\/page"}],"author":[{"embeddable":true,"href":"https:\/\/prosokhe.in-momentum.pro\/index.php\/wp-json\/wp\/v2\/users\/1"}],"replies":[{"embeddable":true,"href":"https:\/\/prosokhe.in-momentum.pro\/index.php\/wp-json\/wp\/v2\/comments?post=86"}],"version-history":[{"count":4,"href":"https:\/\/prosokhe.in-momentum.pro\/index.php\/wp-json\/wp\/v2\/pages\/86\/revisions"}],"predecessor-version":[{"id":226,"href":"https:\/\/prosokhe.in-momentum.pro\/index.php\/wp-json\/wp\/v2\/pages\/86\/revisions\/226"}],"wp:attachment":[{"href":"https:\/\/prosokhe.in-momentum.pro\/index.php\/wp-json\/wp\/v2\/media?parent=86"}],"curies":[{"name":"wp","href":"https:\/\/api.w.org\/{rel}","templated":true}]}}