{"id":88,"date":"2024-08-10T18:22:40","date_gmt":"2024-08-10T16:22:40","guid":{"rendered":"http:\/\/prosokhe.in-momentum.pro\/?page_id=88"},"modified":"2024-08-20T11:13:46","modified_gmt":"2024-08-20T09:13:46","slug":"outils","status":"publish","type":"page","link":"https:\/\/prosokhe.in-momentum.pro\/index.php\/outils\/","title":{"rendered":"Approches"},"content":{"rendered":"\n<div class=\"wp-block-columns alignwide are-vertically-aligned-top is-layout-flex wp-container-core-columns-is-layout-9d6595d7 wp-block-columns-is-layout-flex\">\n<div class=\"wp-block-column is-vertically-aligned-top is-layout-flow wp-block-column-is-layout-flow\">\n<figure class=\"wp-block-pullquote\"><blockquote><p>Apprenez vos th\u00e9ories aussi bien que vous le pouvez, puis mettez-les de c\u00f4t\u00e9 quand vous entrez en contact avec le vivant miracle de l&#8217;\u00e2me humaine.<\/p><cite>Carl G. Jung<\/cite><\/blockquote><\/figure>\n\n\n\n<h5 class=\"wp-block-heading\">Aucun outil ne fait \u00e0 lui seul l&#8217;ouvrier mais conna\u00eetre les m\u00e9thodes dont un professionnel s&#8217;est fait familier aide \u00e0 se faire une id\u00e9e des qualifications et de l&#8217;univers de celui-ci.<br><\/h5>\n\n\n\n<h5 class=\"wp-block-heading\">Voici donc ci-apr\u00e8s quelques unes des approches qui nourrissent, influencent et ajoutent la l\u00e9gitimit\u00e9 d&#8217;une certification \u00e0 ma pratique de l&#8217;accompagnement. <\/h5>\n\n\n\n<div class=\"wp-block-coblocks-services is-style-circle\"><div class=\"is-style-circle has-columns has-4-columns has-responsive-columns has-small-gutter\">\n<div class=\"wp-block-coblocks-service\"><figure class=\"wp-block-coblocks-service__figure\"><a href=\"https:\/\/generative-change.com\/\" target=\"_blank\" rel=\"noreferrer noopener\"><img decoding=\"async\" src=\"https:\/\/prosokhe.in-momentum.pro\/wp-content\/uploads\/2024\/08\/main-iagc-logo.jpg\" alt=\"\" style=\"object-position:49% 50%\"\/><\/a><\/figure><div class=\"wp-block-coblocks-service__content\">\n<h3 class=\"wp-block-heading has-text-align-none\">Coaching g\u00e9n\u00e9ratif<\/h3>\n\n\n\n<p class=\"has-text-align-none\">pour accompagner la conscience cr\u00e9ative \u00e0 travers les changements \u00e9mergents<br>(praticien certifi\u00e9)<\/p>\n<\/div><\/div>\n\n\n\n<div class=\"wp-block-coblocks-service\"><figure class=\"wp-block-coblocks-service__figure\"><img decoding=\"async\" src=\"http:\/\/prosokhe.in-momentum.pro\/wp-content\/uploads\/2024\/08\/frog-1499162_640.jpg\" alt=\"\"\/><\/figure><div class=\"wp-block-coblocks-service__content\">\n<h3 class=\"wp-block-heading has-text-align-none\">Coaching clinique psychanalytique<\/h3>\n\n\n\n<p class=\"has-text-align-none\">pour se rencontrer, se d\u00e9plier et apprendre \u00e0 se conna\u00eetre dans un travail au long cours<br>(DU Coaching Universit\u00e9 Paris 2 et aspirant psychanalyste, membre de l&#8217;Association des Psychanalystes Europ\u00e9ens)<\/p>\n<\/div><\/div>\n\n\n\n<div class=\"wp-block-coblocks-service\"><figure class=\"wp-block-coblocks-service__figure\"><a href=\"https:\/\/coachingorsc.com\/\" target=\"_blank\" rel=\"noreferrer noopener\"><img decoding=\"async\" src=\"https:\/\/prosokhe.in-momentum.pro\/wp-content\/uploads\/2024\/08\/logo-orsc-1.jpg\" alt=\"\"\/><\/a><\/figure><div class=\"wp-block-coblocks-service__content\">\n<h3 class=\"wp-block-heading has-text-align-none\">Coaching des syst\u00e8mes relationnels<\/h3>\n\n\n\n<p class=\"has-text-align-none\">pour donner voix, pr\u00e9sence et fluidit\u00e9 \u00e0 l&#8217;ensemble d&#8217;un syst\u00e8me de relations : \u00e9quipes, partenariats, coop\u00e9rations<br>(formation ORSC)<\/p>\n<\/div><\/div>\n\n\n\n<div class=\"wp-block-coblocks-service\"><figure class=\"wp-block-coblocks-service__figure\"><a href=\"https:\/\/epoke.pro\/\" target=\"_blank\" rel=\"noreferrer noopener\"><img decoding=\"async\" src=\"https:\/\/prosokhe.in-momentum.pro\/wp-content\/uploads\/2024\/08\/logo-epoke.jpg\" alt=\"\"\/><\/a><\/figure><div class=\"wp-block-coblocks-service__content\">\n<h3 class=\"wp-block-heading has-text-align-none\">Coaching gestaltiste<\/h3>\n\n\n\n<p class=\"has-text-align-none\">un approche exp\u00e9rientielle, sensible et intuitive au contact du r\u00e9el<br>(validation  des cycles coaching individuel et collectif EPOKE)<\/p>\n<\/div><\/div>\n<\/div><\/div>\n\n\n\n<div class=\"wp-block-coblocks-services is-style-circle\"><div class=\"is-style-circle has-columns has-4-columns has-responsive-columns has-small-gutter\">\n<div class=\"wp-block-coblocks-service\"><figure class=\"wp-block-coblocks-service__figure\"><img decoding=\"async\" src=\"https:\/\/prosokhe.in-momentum.pro\/wp-content\/uploads\/2024\/08\/mechanical-2033446_640.jpg\" alt=\"\"\/><\/figure><div class=\"wp-block-coblocks-service__content\">\n<h3 class=\"wp-block-heading has-text-align-none\">Programmation neuro-linguistique<\/h3>\n\n\n\n<p class=\"has-text-align-none\">pour interagir en libert\u00e9 dans la conscience des dynamiques de la communication humaine<br>(niveau enseignant PNL)<\/p>\n<\/div><\/div>\n\n\n\n<div class=\"wp-block-coblocks-service\"><figure class=\"wp-block-coblocks-service__figure\"><a href=\"https:\/\/www.osiris-conseil.com\/ccti\" target=\"_blank\" rel=\"noreferrer noopener\"><img decoding=\"async\" src=\"https:\/\/prosokhe.in-momentum.pro\/wp-content\/uploads\/2024\/08\/Logo-CCTI-Blanc-Osiris-Conseil.png\" alt=\"\"\/><\/a><\/figure><div class=\"wp-block-coblocks-service__content\">\n<h3 class=\"wp-block-heading has-text-align-none\">Types de personnalit\u00e9s (MBTI\/CCTI)<\/h3>\n\n\n\n<p class=\"has-text-align-none\">un approche du soi par la diversit\u00e9 des types psychologiques jungiens<br>(consultant certifi\u00e9)<\/p>\n<\/div><\/div>\n\n\n\n<div class=\"wp-block-coblocks-service\"><figure class=\"wp-block-coblocks-service__figure\"><img decoding=\"async\" src=\"https:\/\/prosokhe.in-momentum.pro\/wp-content\/uploads\/2024\/08\/giraffe-8435292_640-1.jpg\" alt=\"\"\/><\/figure><div class=\"wp-block-coblocks-service__content\">\n<h3 class=\"wp-block-heading has-text-align-none\">Communication non-violente<\/h3>\n\n\n\n<p class=\"has-text-align-none\">pour \u00eatre vrai avec soi et avec l&#8217;autre dans la compr\u00e9hension et l&#8217;accueil de nos besoins essentiels et l&#8217;expression de nos \u00e9motions<br>(praticien)<\/p>\n<\/div><\/div>\n\n\n\n<div class=\"wp-block-coblocks-service\"><figure class=\"wp-block-coblocks-service__figure\"><img decoding=\"async\" src=\"https:\/\/prosokhe.in-momentum.pro\/wp-content\/uploads\/2024\/08\/family-board-2606645_640.jpg\" alt=\"\"\/><\/figure><div class=\"wp-block-coblocks-service__content\">\n<h3 class=\"wp-block-heading has-text-align-none\">Constellations syst\u00e8miques<\/h3>\n\n\n\n<p class=\"has-text-align-none\">pour mod\u00e9liser la complexit\u00e9 et l&#8217;interd\u00e9pendance de nos syst\u00e8mes d&#8217;organisation : famille, \u00e9quipes, institutions<\/p>\n<\/div><\/div>\n<\/div><\/div>\n\n\n\n<div class=\"wp-block-coblocks-services is-style-circle\"><div class=\"is-style-circle has-columns has-4-columns has-responsive-columns has-small-gutter\">\n<div class=\"wp-block-coblocks-service\"><figure class=\"wp-block-coblocks-service__figure\"><a href=\"https:\/\/www.mindfulnesstraininginstitute.com\/\" target=\"_blank\" rel=\"noreferrer noopener\"><img decoding=\"async\" src=\"http:\/\/prosokhe.in-momentum.pro\/wp-content\/uploads\/2024\/08\/meditation.jpg\" alt=\"\" style=\"object-position:36% 48%\"\/><\/a><\/figure><div class=\"wp-block-coblocks-service__content\">\n<h3 class=\"wp-block-heading has-text-align-none\">Mindfulness<\/h3>\n\n\n\n<p class=\"has-text-align-none\">pour cultiver par la pratique les qualit\u00e9 de la pleine conscience<br>(enseignant certifi\u00e9 MTI)<\/p>\n<\/div><\/div>\n\n\n\n<div class=\"wp-block-coblocks-service\"><figure class=\"wp-block-coblocks-service__figure\"><img decoding=\"async\" src=\"https:\/\/prosokhe.in-momentum.pro\/wp-content\/uploads\/2024\/08\/writing-3544946_640.jpg\" alt=\"\"\/><\/figure><div class=\"wp-block-coblocks-service__content\">\n<h3 class=\"wp-block-heading has-text-align-none\">Ecriture cr\u00e9ative<\/h3>\n\n\n\n<p class=\"has-text-align-none\">pour accompagner l&#8217;expression cr\u00e9ative <br>(formation d&#8217;animateur d&#8217;atelier<br>(\u00e9criture R\u00e9manence des Mots)<\/p>\n<\/div><\/div>\n\n\n\n<div class=\"wp-block-coblocks-service\"><figure class=\"wp-block-coblocks-service__figure\"><img decoding=\"async\" src=\"https:\/\/prosokhe.in-momentum.pro\/wp-content\/uploads\/2024\/08\/contact-improvisation-3684689_640.jpg\" alt=\"\"\/><\/figure><div class=\"wp-block-coblocks-service__content\">\n<h3 class=\"wp-block-heading has-text-align-none\">Improvisation th\u00e9\u00e2trale<\/h3>\n\n\n\n<p class=\"has-text-align-none\">pour suivre le fil de la cr\u00e9ativit\u00e9 spontan\u00e9e de chaque instant dans le jeu th\u00e9\u00e2tral et l&#8217;accueil de l&#8217;inspiration<br>(15 ann\u00e9es de pratique en ligue d&#8217;improvisation)<\/p>\n<\/div><\/div>\n\n\n\n<div class=\"wp-block-coblocks-service\"><figure class=\"wp-block-coblocks-service__figure\"><a href=\"https:\/\/www.ererc.fr\/formation\/du-en-philosophie-pour-des-professionnels\/\" target=\"_blank\" rel=\"noreferrer noopener\"><img decoding=\"async\" src=\"https:\/\/prosokhe.in-momentum.pro\/wp-content\/uploads\/2024\/08\/busts-756620_640.jpg\" alt=\"\"\/><\/a><\/figure><div class=\"wp-block-coblocks-service__content\">\n<h3 class=\"wp-block-heading has-text-align-none\">Ethique &amp; R\u00e9flexion philosophique<\/h3>\n\n\n\n<p>pour donner sens et raison critique \u00e0 nos choix essentiels <br>(DU r\u00e9flexion philosophique contemporaine et recherche en \u00e9thique Universit\u00e9 de Tours)<\/p>\n<\/div><\/div>\n<\/div><\/div>\n<\/div>\n<\/div>\n","protected":false},"excerpt":{"rendered":"<p>Apprenez vos th\u00e9ories aussi bien que vous le pouvez, puis mettez-les de c\u00f4t\u00e9 quand vous entrez en contact avec le vivant miracle de l&#8217;\u00e2me humaine. Carl G. Jung Aucun outil ne fait \u00e0 lui seul l&#8217;ouvrier mais conna\u00eetre les m\u00e9thodes dont un professionnel s&#8217;est fait familier aide \u00e0 se faire une id\u00e9e des qualifications et [&hellip;]<\/p>\n","protected":false},"author":1,"featured_media":0,"parent":0,"menu_order":0,"comment_status":"closed","ping_status":"closed","template":"","meta":{"hide_page_title":"enabled","_coblocks_attr":"","_coblocks_dimensions":"","_coblocks_responsive_height":"","_coblocks_accordion_ie_support":"","footnotes":""},"class_list":["post-88","page","type-page","status-publish","hentry"],"_links":{"self":[{"href":"https:\/\/prosokhe.in-momentum.pro\/index.php\/wp-json\/wp\/v2\/pages\/88","targetHints":{"allow":["GET"]}}],"collection":[{"href":"https:\/\/prosokhe.in-momentum.pro\/index.php\/wp-json\/wp\/v2\/pages"}],"about":[{"href":"https:\/\/prosokhe.in-momentum.pro\/index.php\/wp-json\/wp\/v2\/types\/page"}],"author":[{"embeddable":true,"href":"https:\/\/prosokhe.in-momentum.pro\/index.php\/wp-json\/wp\/v2\/users\/1"}],"replies":[{"embeddable":true,"href":"https:\/\/prosokhe.in-momentum.pro\/index.php\/wp-json\/wp\/v2\/comments?post=88"}],"version-history":[{"count":29,"href":"https:\/\/prosokhe.in-momentum.pro\/index.php\/wp-json\/wp\/v2\/pages\/88\/revisions"}],"predecessor-version":[{"id":218,"href":"https:\/\/prosokhe.in-momentum.pro\/index.php\/wp-json\/wp\/v2\/pages\/88\/revisions\/218"}],"wp:attachment":[{"href":"https:\/\/prosokhe.in-momentum.pro\/index.php\/wp-json\/wp\/v2\/media?parent=88"}],"curies":[{"name":"wp","href":"https:\/\/api.w.org\/{rel}","templated":true}]}}